{"id":834,"date":"2018-06-28T01:52:22","date_gmt":"2018-06-28T04:52:22","guid":{"rendered":"https:\/\/isfdcytibarreta-for.infd.edu.ar\/sitio\/diseno-curricular-educacion-fisica-2016\/"},"modified":"2018-06-28T01:52:22","modified_gmt":"2018-06-28T04:52:22","slug":"diseno-curricular-educacion-fisica-2016","status":"publish","type":"page","link":"https:\/\/isfdcytibarreta-for.infd.edu.ar\/sitio\/diseno-curricular-educacion-fisica-2016\/","title":{"rendered":"Dise\u00f1o curricular Educaci\u00f3n F\u00edsica 2016"},"content":{"rendered":"<p style=\"text-align: center;\"><strong><span style=\"font-size: 10pt; color: #339966;\">Para acceder al dise&ntilde;o curricular de Educaci&oacute;n F&iacute;sica 2016 hacer clic<\/span> <\/strong><span style=\"font-size: 18pt;\"><a title=\"Dise&ntilde;o Edu Fis 2016\" href=\"upload\/Educ._Fisica_-_DCJ-_Fsa_2016.doc\" target=\"_blank\">Aqu&iacute;<\/a><\/span><\/p>\n","protected":false},"excerpt":{"rendered":"<p>Para acceder al dise&ntilde;o curricular de Educaci&oacute;n F&iacute;sica 2016 hacer clic Aqu&iacute;<\/p>\n","protected":false},"author":8,"featured_media":0,"parent":0,"menu_order":0,"comment_status":"closed","ping_status":"closed","template":"","meta":[],"acf":[],"_links":{"self":[{"href":"https:\/\/isfdcytibarreta-for.infd.edu.ar\/sitio\/wp-json\/wp\/v2\/pages\/834"}],"collection":[{"href":"https:\/\/isfdcytibarreta-for.infd.edu.ar\/sitio\/wp-json\/wp\/v2\/pages"}],"about":[{"href":"https:\/\/isfdcytibarreta-for.infd.edu.ar\/sitio\/wp-json\/wp\/v2\/types\/page"}],"author":[{"embeddable":true,"href":"https:\/\/isfdcytibarreta-for.infd.edu.ar\/sitio\/wp-json\/wp\/v2\/users\/8"}],"replies":[{"embeddable":true,"href":"https:\/\/isfdcytibarreta-for.infd.edu.ar\/sitio\/wp-json\/wp\/v2\/comments?post=834"}],"version-history":[{"count":0,"href":"https:\/\/isfdcytibarreta-for.infd.edu.ar\/sitio\/wp-json\/wp\/v2\/pages\/834\/revisions"}],"wp:attachment":[{"href":"https:\/\/isfdcytibarreta-for.infd.edu.ar\/sitio\/wp-json\/wp\/v2\/media?parent=834"}],"curies":[{"name":"wp","href":"https:\/\/api.w.org\/{rel}","templated":true}]}}