{"id":821,"date":"2018-06-28T01:52:18","date_gmt":"2018-06-28T04:52:18","guid":{"rendered":"https:\/\/isfdcytibarreta-for.infd.edu.ar\/sitio\/requisitos-de-inscripcion-2017\/"},"modified":"2021-04-04T21:39:30","modified_gmt":"2021-04-05T00:39:30","slug":"requisitos-de-inscripcion-2017","status":"publish","type":"page","link":"https:\/\/isfdcytibarreta-for.infd.edu.ar\/sitio\/requisitos-de-inscripcion-2017\/","title":{"rendered":"Requisitos de Inscripci\u00f3n 2021"},"content":{"rendered":"<p><span style=\"font-size: 10pt;\"><strong><span style=\"text-decoration: underline;\">TECNICATURA SUPERIOR EN PRODUCCI\u00d3N ANIMAL<\/span><\/strong><\/span><\/p>\n<p><strong>REQUISITOS DE INSCRIPCI\u00d3N<\/strong><strong>:<\/strong><\/p>\n<ul class=\"Borde_punteado\">\n<li>\u00d8 <strong>FOTOCOPIA DNI<\/strong><\/li>\n<li>\u00d8 <strong>FOTOCOPIA CUIL<\/strong><\/li>\n<li>\u00d8 <strong>CONSTANCIA DE DOMICILIO<\/strong><\/li>\n<li>\u00d8 <strong>T\u00cdTULO NIVEL SECUNDARIO COMPLETO CON LEGALIZACIONES CORRESPONDIENTES, O CERTIFICADO DE T\u00cdTULO COMPLETO EN TR\u00c1MITE, O CERTIFICADO DE T\u00cdTULO INCOMPLETO, DEBIENDO HASTA DOS MATERIAS.<\/strong><\/li>\n<li>\u00d8 <strong>\u00a0FOTOCOPIA PARTIDA DE NACIMIENTO LEGALIZADA<\/strong><\/li>\n<li>\u00d8 <strong>CERTIFICADO DE BUENA SALUD PSICOF\u00cdSICA(CERTIFICADO POR EL HOSPITAL)<\/strong><\/li>\n<li>\u00d8 <strong>4 FOTOS 4 X 4<\/strong><\/li>\n<li>\u00d8 <strong>CARPETA COLGANTE.<\/strong><\/li>\n<\/ul>\n","protected":false},"excerpt":{"rendered":"<p>TECNICATURA SUPERIOR EN PRODUCCI\u00d3N ANIMAL REQUISITOS DE INSCRIPCI\u00d3N: \u00d8 FOTOCOPIA DNI \u00d8 FOTOCOPIA CUIL \u00d8 CONSTANCIA DE DOMICILIO \u00d8 T\u00cdTULO NIVEL SECUNDARIO COMPLETO CON LEGALIZACIONES CORRESPONDIENTES, O CERTIFICADO DE T\u00cdTULO COMPLETO EN TR\u00c1MITE, O CERTIFICADO DE T\u00cdTULO INCOMPLETO, DEBIENDO HASTA DOS MATERIAS. \u00d8 \u00a0FOTOCOPIA PARTIDA DE NACIMIENTO LEGALIZADA \u00d8 CERTIFICADO DE BUENA SALUD PSICOF\u00cdSICA(CERTIFICADO POR &#8230; <a title=\"Requisitos de Inscripci\u00f3n 2021\" class=\"read-more\" href=\"https:\/\/isfdcytibarreta-for.infd.edu.ar\/sitio\/requisitos-de-inscripcion-2017\/\" aria-label=\"More on Requisitos de Inscripci\u00f3n 2021\">[+]<\/a><\/p>\n","protected":false},"author":8,"featured_media":0,"parent":0,"menu_order":0,"comment_status":"closed","ping_status":"closed","template":"","meta":[],"acf":[],"_links":{"self":[{"href":"https:\/\/isfdcytibarreta-for.infd.edu.ar\/sitio\/wp-json\/wp\/v2\/pages\/821"}],"collection":[{"href":"https:\/\/isfdcytibarreta-for.infd.edu.ar\/sitio\/wp-json\/wp\/v2\/pages"}],"about":[{"href":"https:\/\/isfdcytibarreta-for.infd.edu.ar\/sitio\/wp-json\/wp\/v2\/types\/page"}],"author":[{"embeddable":true,"href":"https:\/\/isfdcytibarreta-for.infd.edu.ar\/sitio\/wp-json\/wp\/v2\/users\/8"}],"replies":[{"embeddable":true,"href":"https:\/\/isfdcytibarreta-for.infd.edu.ar\/sitio\/wp-json\/wp\/v2\/comments?post=821"}],"version-history":[{"count":2,"href":"https:\/\/isfdcytibarreta-for.infd.edu.ar\/sitio\/wp-json\/wp\/v2\/pages\/821\/revisions"}],"predecessor-version":[{"id":1039,"href":"https:\/\/isfdcytibarreta-for.infd.edu.ar\/sitio\/wp-json\/wp\/v2\/pages\/821\/revisions\/1039"}],"wp:attachment":[{"href":"https:\/\/isfdcytibarreta-for.infd.edu.ar\/sitio\/wp-json\/wp\/v2\/media?parent=821"}],"curies":[{"name":"wp","href":"https:\/\/api.w.org\/{rel}","templated":true}]}}