{"id":816,"date":"2019-11-25T09:58:16","date_gmt":"2019-11-25T12:58:16","guid":{"rendered":"https:\/\/isfdcytibarreta-for.infd.edu.ar\/sitio\/requisitos-para-la-inscripcion-2017\/"},"modified":"2021-04-04T21:33:31","modified_gmt":"2021-04-05T00:33:31","slug":"requisitos-para-la-inscripcion-2017","status":"publish","type":"page","link":"https:\/\/isfdcytibarreta-for.infd.edu.ar\/sitio\/requisitos-para-la-inscripcion-2017\/","title":{"rendered":"Requisitos para la Inscripci\u00f3n 2021"},"content":{"rendered":"<p><img decoding=\"async\" loading=\"lazy\" class=\"alignnone size-full wp-image-941 aligncenter\" src=\"https:\/\/isfdcytibarreta-for.infd.edu.ar\/sitio\/wp-content\/uploads\/2019\/11\/atenci\u00f3n.png\" alt=\"\" width=\"240\" height=\"210\" \/><\/p>\n<p style=\"text-align: center;\"><span class=\"st\" style=\"font-size: 14pt;\"><b style=\"font-size: 14pt;\">Los <\/b><span style=\"font-size: 18.6667px;\"><b>An\u00e1lisis<\/b><\/span><b style=\"font-size: 14pt;\">\u00a0m\u00e1s el <\/b><span style=\"color: #ff0000;\">apto<\/span><b style=\"font-size: 14pt;\"> m\u00e9dico y<\/b><span style=\"color: #ff0000;\"> todas<\/span><b style=\"font-size: 14pt;\"> las documentaciones son imprescindibles para inscribirse.<\/b><\/span><\/p>\n<p style=\"text-align: center;\"><span class=\"st\" style=\"font-size: 12pt;\"><strong><span style=\"color: #ff0000; font-size: 14pt;\">No se realizar\u00e1 la inscripci\u00f3n de faltar un an\u00e1lisis o el apto m\u00e9dico.<\/span><br \/>\n<\/strong><\/span><\/p>\n<p style=\"text-align: center;\"><span class=\"st\" style=\"font-size: 12pt;\"><strong><span style=\"color: #ff0000; font-size: 14pt;\"><span style=\"color: #000000;\">REQUISITOS<\/span><br \/>\n<\/span><\/strong><\/span><\/p>\n<p>&nbsp;<\/p>\n<ul>\n<li>\u00a0FOTOCOPIA DE DNI<\/li>\n<li>CARPETA COLGANTE<\/li>\n<li>CERTIFICADO DE DOMICILIO<\/li>\n<li>FOTOCOPIA DE T\u00cdTULO (AUTENTICO)<\/li>\n<li>CERTIFICADO DE BUENA CONDUCTA<\/li>\n<li>PARTIDA DE NACIMIENTO<\/li>\n<li>4 FOTOS 4X4<\/li>\n<\/ul>\n<p><span style=\"text-decoration: underline;\"><strong>EX\u00c1MENES M\u00c9DICOS<\/strong><\/span><\/p>\n<ul>\n<li>HEMOGRAMA<\/li>\n<li>GLUCEMIA<\/li>\n<li>UREMIA<\/li>\n<li>ERITROSEDIMENTACI\u00d3N<\/li>\n<li>HEPATOGRAMA<\/li>\n<li>V.D.R.I<\/li>\n<li>H.I.V.<\/li>\n<li>CHAGAS<\/li>\n<li>TOXOPLASMOSIS<\/li>\n<li>ARTRITIS<\/li>\n<li>GRUPO SANGUINEO FACTOR RH<\/li>\n<li>ORINA COMPLETA<\/li>\n<\/ul>\n<p><span style=\"text-decoration: underline;\"><strong>VACUNAS<\/strong><\/span><\/p>\n<ul>\n<li>BCG<\/li>\n<li>DOBLE ADULTOS<\/li>\n<\/ul>\n<p><span style=\"text-decoration: underline;\"><strong>EX\u00c1MENES COMPLEMENTARIOS<\/strong><\/span><\/p>\n<ul>\n<li>ELECTROCARDIOGRAMA O INFORME DE EVALUACI\u00d3N DEL CARDI\u00d3LOGO<\/li>\n<li>ERGOMETR\u00cdA O INFORME DEL CARDI\u00d3LOGO<\/li>\n<li>ELECTROENCEFALOGRAMA O EVALUACI\u00d3N POR EL NEUR\u00d3LOGO (INFORME)<\/li>\n<li>RADIOGRAF\u00cdA DE COLUMNA CERVICAL (F Y P)<\/li>\n<li>RADIOGRAF\u00cdA DE TORAX (F Y P)<\/li>\n<li>RADIOGRAF\u00cdA DE COLUMNA LUMBOSACRA (F Y P) TRAUMAT\u00d3LOGO<\/li>\n<\/ul>\n<p><strong>TODOS CON EVALUACI\u00d3N E INFORME DEL TRAUMAT\u00d3LOGO<\/strong><\/p>\n<p><span style=\"text-decoration: underline;\"><strong>CERTIFICADOS<\/strong><\/span><\/p>\n<ul>\n<li>OTORRINOLARING\u00d3LOGO<\/li>\n<li>OFTALMOL\u00d3GICO<\/li>\n<li>DERMATOL\u00d3GICO<\/li>\n<li>PSICOLOG\u00cdA Y CAPACIDAD INTELECTUAL (POR PSIQUIATRA)<\/li>\n<li>BUCODENTAL<\/li>\n<\/ul>\n<p>En caso de que se realice alguna modificaci\u00f3n en algunos de los requisitos se informar\u00e1 en secretar\u00eda del ISFD y tambi\u00e9n a trav\u00e9s de esta p\u00e1gina.<\/p>\n<p>&nbsp;<\/p>\n","protected":false},"excerpt":{"rendered":"<p>Los An\u00e1lisis\u00a0m\u00e1s el apto m\u00e9dico y todas las documentaciones son imprescindibles para inscribirse. No se realizar\u00e1 la inscripci\u00f3n de faltar un an\u00e1lisis o el apto m\u00e9dico. REQUISITOS &nbsp; \u00a0FOTOCOPIA DE DNI CARPETA COLGANTE CERTIFICADO DE DOMICILIO FOTOCOPIA DE T\u00cdTULO (AUTENTICO) CERTIFICADO DE BUENA CONDUCTA PARTIDA DE NACIMIENTO 4 FOTOS 4X4 EX\u00c1MENES M\u00c9DICOS HEMOGRAMA GLUCEMIA UREMIA &#8230; <a title=\"Requisitos para la Inscripci\u00f3n 2021\" class=\"read-more\" href=\"https:\/\/isfdcytibarreta-for.infd.edu.ar\/sitio\/requisitos-para-la-inscripcion-2017\/\" aria-label=\"More on Requisitos para la Inscripci\u00f3n 2021\">[+]<\/a><\/p>\n","protected":false},"author":8,"featured_media":0,"parent":0,"menu_order":0,"comment_status":"closed","ping_status":"closed","template":"","meta":[],"acf":[],"_links":{"self":[{"href":"https:\/\/isfdcytibarreta-for.infd.edu.ar\/sitio\/wp-json\/wp\/v2\/pages\/816"}],"collection":[{"href":"https:\/\/isfdcytibarreta-for.infd.edu.ar\/sitio\/wp-json\/wp\/v2\/pages"}],"about":[{"href":"https:\/\/isfdcytibarreta-for.infd.edu.ar\/sitio\/wp-json\/wp\/v2\/types\/page"}],"author":[{"embeddable":true,"href":"https:\/\/isfdcytibarreta-for.infd.edu.ar\/sitio\/wp-json\/wp\/v2\/users\/8"}],"replies":[{"embeddable":true,"href":"https:\/\/isfdcytibarreta-for.infd.edu.ar\/sitio\/wp-json\/wp\/v2\/comments?post=816"}],"version-history":[{"count":4,"href":"https:\/\/isfdcytibarreta-for.infd.edu.ar\/sitio\/wp-json\/wp\/v2\/pages\/816\/revisions"}],"predecessor-version":[{"id":1037,"href":"https:\/\/isfdcytibarreta-for.infd.edu.ar\/sitio\/wp-json\/wp\/v2\/pages\/816\/revisions\/1037"}],"wp:attachment":[{"href":"https:\/\/isfdcytibarreta-for.infd.edu.ar\/sitio\/wp-json\/wp\/v2\/media?parent=816"}],"curies":[{"name":"wp","href":"https:\/\/api.w.org\/{rel}","templated":true}]}}