{"id":778,"date":"2018-06-28T01:51:58","date_gmt":"2018-06-28T04:51:58","guid":{"rendered":"https:\/\/isfdcytibarreta-for.infd.edu.ar\/sitio\/autoridades\/"},"modified":"2021-04-04T21:32:22","modified_gmt":"2021-04-05T00:32:22","slug":"autoridades","status":"publish","type":"page","link":"https:\/\/isfdcytibarreta-for.infd.edu.ar\/sitio\/autoridades\/","title":{"rendered":"Autoridades"},"content":{"rendered":"<p><span style=\"font-size: 12pt; color: #cc6600; font-family: arial,helvetica,sans-serif;\"><strong><img decoding=\"async\" src=\"https:\/\/isfdcytibarreta-for.infd.edu.ar\/sitio\/wp-content\/uploads\/2018\/06\/cabezal_1.gif\" alt=\"Cabezal INFD\" border=\"0\" \/><\/strong><\/span><\/p>\n<p><strong><span style=\"font-size: 12pt; color: #0099ff; font-family: Arial;\">Autoridades del ISFDCyT de Ibarreta<\/span><\/strong><\/p>\n<ul>\n<li><span style=\"font-size: 10pt;\"><strong>Director del I. S. F. D. C. y T.<\/strong>: Prof. Resquin, Daniel Alfredo<\/span><\/li>\n<li><span style=\"font-size: 10pt;\">Regente<\/span>\u00a0<span style=\"font-size: 10pt;\">del I. S. F. D. C.\u00a0y T. de Ibarreta: &#8230;&#8230;&#8230;&#8230;<\/span><\/li>\n<li><strong>Secretario Docente:<\/strong><\/li>\n<li>Ben\u00edtez H\u00e9ctor Lorenzo<\/li>\n<li>V\u00e1zquez Ram\u00f3n<\/li>\n<li><strong><span style=\"font-size: 10pt;\">Coordinadora de Estudios, Profesores:<\/span><\/strong><\/li>\n<li><span style=\"font-size: 10pt;\">\u00a0 \u00a0 \u00a0 \u00a0 \u00a0 \u00a0 \u00a0 \u00a0 \u00a0 \u00a0 \u00a0 \u00a0 \u00a0 \u00a0 \u00a0 \u00a0 \u00a0 \u00a0 \u00a0 \u00a0 \u00a0 \u00a0 Blasco, Carlos\u00a0 Arturo (TSPA)<\/span><\/li>\n<li><span style=\"font-size: 10pt;\">\u00a0 \u00a0 \u00a0 \u00a0 \u00a0 \u00a0 \u00a0 \u00a0 \u00a0 \u00a0 \u00a0 \u00a0 \u00a0 \u00a0 \u00a0 \u00a0 \u00a0 \u00a0 \u00a0 \u00a0 \u00a0 \u00a0 Maidana V\u00e1zquez, Maida (PEI y PEP)<\/span><\/li>\n<li><span style=\"font-size: 10pt;\">\u00a0 \u00a0 \u00a0 \u00a0 \u00a0 \u00a0 \u00a0 \u00a0 \u00a0 \u00a0 \u00a0 \u00a0 \u00a0 \u00a0 \u00a0 \u00a0 \u00a0 \u00a0 \u00a0 \u00a0 \u00a0 \u00a0 S\u00e1nchez, Rogelio (PEF)<\/span><span style=\"font-size: 10pt;\">\u00a0 \u00a0 \u00a0 \u00a0 \u00a0 \u00a0 \u00a0 \u00a0 \u00a0 \u00a0 \u00a0 \u00a0 \u00a0 \u00a0 \u00a0 \u00a0<\/span><\/li>\n<li><strong><span style=\"font-size: 10pt;\">Preceptores:<\/span><\/strong><\/li>\n<li><span style=\"font-size: 10pt;\">Acosta Zunilda<\/span><\/li>\n<li><span style=\"font-size: 10pt;\">Almir\u00f3n Soledad<\/span><\/li>\n<li><span style=\"font-size: 10pt;\">Florent\u00edn Gladys<\/span><\/li>\n<li><span style=\"font-size: 10pt;\">Pereyra Mariel\u00a0 \u00a0 \u00a0 \u00a0 \u00a0 \u00a0<\/span><\/li>\n<\/ul>\n<p><img decoding=\"async\" src=\"https:\/\/isfdcytibarreta-for.infd.edu.ar\/sitio\/wp-content\/uploads\/2018\/06\/red.jpg\" alt=\"Red sin t\u00edtulo\" align=\"right\" border=\"0\" \/><\/p>\n","protected":false},"excerpt":{"rendered":"<p>Autoridades del ISFDCyT de Ibarreta Director del I. S. F. D. C. y T.: Prof. Resquin, Daniel Alfredo Regente\u00a0del I. S. F. D. C.\u00a0y T. de Ibarreta: &#8230;&#8230;&#8230;&#8230; Secretario Docente: Ben\u00edtez H\u00e9ctor Lorenzo V\u00e1zquez Ram\u00f3n Coordinadora de Estudios, Profesores: \u00a0 \u00a0 \u00a0 \u00a0 \u00a0 \u00a0 \u00a0 \u00a0 \u00a0 \u00a0 \u00a0 \u00a0 \u00a0 \u00a0 \u00a0 \u00a0 &#8230; <a title=\"Autoridades\" class=\"read-more\" href=\"https:\/\/isfdcytibarreta-for.infd.edu.ar\/sitio\/autoridades\/\" aria-label=\"More on Autoridades\">[+]<\/a><\/p>\n","protected":false},"author":8,"featured_media":0,"parent":0,"menu_order":0,"comment_status":"closed","ping_status":"closed","template":"","meta":[],"acf":[],"_links":{"self":[{"href":"https:\/\/isfdcytibarreta-for.infd.edu.ar\/sitio\/wp-json\/wp\/v2\/pages\/778"}],"collection":[{"href":"https:\/\/isfdcytibarreta-for.infd.edu.ar\/sitio\/wp-json\/wp\/v2\/pages"}],"about":[{"href":"https:\/\/isfdcytibarreta-for.infd.edu.ar\/sitio\/wp-json\/wp\/v2\/types\/page"}],"author":[{"embeddable":true,"href":"https:\/\/isfdcytibarreta-for.infd.edu.ar\/sitio\/wp-json\/wp\/v2\/users\/8"}],"replies":[{"embeddable":true,"href":"https:\/\/isfdcytibarreta-for.infd.edu.ar\/sitio\/wp-json\/wp\/v2\/comments?post=778"}],"version-history":[{"count":3,"href":"https:\/\/isfdcytibarreta-for.infd.edu.ar\/sitio\/wp-json\/wp\/v2\/pages\/778\/revisions"}],"predecessor-version":[{"id":1036,"href":"https:\/\/isfdcytibarreta-for.infd.edu.ar\/sitio\/wp-json\/wp\/v2\/pages\/778\/revisions\/1036"}],"wp:attachment":[{"href":"https:\/\/isfdcytibarreta-for.infd.edu.ar\/sitio\/wp-json\/wp\/v2\/media?parent=778"}],"curies":[{"name":"wp","href":"https:\/\/api.w.org\/{rel}","templated":true}]}}