{"id":286,"date":"2016-10-31T13:17:59","date_gmt":"2016-10-31T16:17:59","guid":{"rendered":"https:\/\/isfdcytibarreta-for.infd.edu.ar\/sitio\/?page_id=286"},"modified":"2025-06-09T16:03:54","modified_gmt":"2025-06-09T19:03:54","slug":"inicio","status":"publish","type":"page","link":"https:\/\/isfdcytibarreta-for.infd.edu.ar\/sitio\/","title":{"rendered":"Inicio"},"content":{"rendered":"<h2 style=\"text-align: center;\"><span style=\"font-family: book antiqua,palatino;\"><span style=\"font-size: 14pt;\"><span style=\"font-family: impact,chicago;\"><img decoding=\"async\" loading=\"lazy\" style=\"vertical-align: middle;\" src=\"https:\/\/isfdcytibarreta-for.infd.edu.ar\/aula\/archivos\/repositorio\/0\/32\/cooltext803768786.png\" alt=\"\" width=\"533\" height=\"54\" border=\"0\" \/><\/span><\/span><\/span><\/h2>\n<div style=\"text-align: center;\"><span style=\"font-family: book antiqua,palatino;\"><span style=\"font-size: 14pt;\"><span style=\"font-family: impact,chicago;\"><img decoding=\"async\" loading=\"lazy\" style=\"vertical-align: middle;\" src=\"https:\/\/isfdcytibarreta-for.infd.edu.ar\/aula\/archivos\/repositorio\/0\/33\/TI.png\" alt=\"\" width=\"206\" height=\"44\" border=\"0\" \/><\/span><\/span><\/span><\/div>\n<div>\u00a0<\/div>\n<div style=\"text-align: center;\"><img decoding=\"async\" loading=\"lazy\" class=\"wp-image-1067 alignleft\" src=\"https:\/\/isfdcytibarreta-for.infd.edu.ar\/sitio\/wp-content\/uploads\/2025\/06\/INST-1000x453.png\" alt=\"\" width=\"2061\" height=\"934\" srcset=\"https:\/\/isfdcytibarreta-for.infd.edu.ar\/sitio\/wp-content\/uploads\/2025\/06\/INST-1000x453.png 1000w, https:\/\/isfdcytibarreta-for.infd.edu.ar\/sitio\/wp-content\/uploads\/2025\/06\/INST-768x348.png 768w, https:\/\/isfdcytibarreta-for.infd.edu.ar\/sitio\/wp-content\/uploads\/2025\/06\/INST.png 1280w\" sizes=\"(max-width: 2061px) 100vw, 2061px\" \/><\/div>\n<div>\u00a0<\/div>\n<div>\u00a0<\/div>\n<div>\u00a0<\/div>\n<div style=\"text-align: center;\"><span style=\"font-family: book antiqua,palatino;\"><span style=\"font-size: 14pt;\"><span style=\"font-family: impact,chicago;\">\u00a0<\/span><\/span><\/span><\/div>\n<h2 style=\"text-align: center;\">\u00a0<\/h2>\n<p style=\"text-align: center;\"><a href=\"https:\/\/isfdcytibarreta-for.infd.edu.ar\/sitio\/wp-content\/uploads\/2021\/04\/RED-DE-NODOS-ISFDyT-FORMOSA.pdf\">RED DE NODOS ISFDyT FORMOSA<\/a><\/p>\n<p><img decoding=\"async\" loading=\"lazy\" class=\"alignnone size-full wp-image-1029 aligncenter\" src=\"https:\/\/isfdcytibarreta-for.infd.edu.ar\/sitio\/wp-content\/uploads\/2021\/04\/rede-de-insti.png\" alt=\"\" width=\"963\" height=\"541\" srcset=\"https:\/\/isfdcytibarreta-for.infd.edu.ar\/sitio\/wp-content\/uploads\/2021\/04\/rede-de-insti.png 963w, https:\/\/isfdcytibarreta-for.infd.edu.ar\/sitio\/wp-content\/uploads\/2021\/04\/rede-de-insti-768x431.png 768w\" sizes=\"(max-width: 963px) 100vw, 963px\" \/><\/p>\n<h2 style=\"text-align: center;\"><\/h2>\n<p><span style=\"font-size: 14pt; color: black; font-family: Verdana;\"><img decoding=\"async\" src=\"https:\/\/isfdcytibarreta-for.infd.edu.ar\/sitio\/wp-content\/uploads\/2018\/06\/la_red.jpg\" alt=\"Red virtual\" border=\"0\" hspace=\"10\" \/><\/span>Junto con varios cientos de Institutos, integramos la Red\u00a0Virtual de Institutos Superiores de Formaci\u00f3n Docente<br \/>\ncoordinada por el INFD (Instituto Nacional de Formaci\u00f3n Docente) dependiente del Ministerio de Educaci\u00f3n de la Naci\u00f3n Argentina.<\/p>\n","protected":false},"excerpt":{"rendered":"<p>\u00a0 \u00a0 \u00a0 \u00a0 \u00a0 \u00a0 RED DE NODOS ISFDyT FORMOSA Junto con varios cientos de Institutos, integramos la Red\u00a0Virtual de Institutos Superiores de Formaci\u00f3n Docente coordinada por el INFD (Instituto Nacional de Formaci\u00f3n Docente) dependiente del Ministerio de Educaci\u00f3n de la Naci\u00f3n Argentina.<\/p>\n","protected":false},"author":1,"featured_media":0,"parent":0,"menu_order":0,"comment_status":"closed","ping_status":"closed","template":"","meta":[],"acf":[],"_links":{"self":[{"href":"https:\/\/isfdcytibarreta-for.infd.edu.ar\/sitio\/wp-json\/wp\/v2\/pages\/286"}],"collection":[{"href":"https:\/\/isfdcytibarreta-for.infd.edu.ar\/sitio\/wp-json\/wp\/v2\/pages"}],"about":[{"href":"https:\/\/isfdcytibarreta-for.infd.edu.ar\/sitio\/wp-json\/wp\/v2\/types\/page"}],"author":[{"embeddable":true,"href":"https:\/\/isfdcytibarreta-for.infd.edu.ar\/sitio\/wp-json\/wp\/v2\/users\/1"}],"replies":[{"embeddable":true,"href":"https:\/\/isfdcytibarreta-for.infd.edu.ar\/sitio\/wp-json\/wp\/v2\/comments?post=286"}],"version-history":[{"count":98,"href":"https:\/\/isfdcytibarreta-for.infd.edu.ar\/sitio\/wp-json\/wp\/v2\/pages\/286\/revisions"}],"predecessor-version":[{"id":1075,"href":"https:\/\/isfdcytibarreta-for.infd.edu.ar\/sitio\/wp-json\/wp\/v2\/pages\/286\/revisions\/1075"}],"wp:attachment":[{"href":"https:\/\/isfdcytibarreta-for.infd.edu.ar\/sitio\/wp-json\/wp\/v2\/media?parent=286"}],"curies":[{"name":"wp","href":"https:\/\/api.w.org\/{rel}","templated":true}]}}